{"id":5621,"date":"2024-02-17T10:04:25","date_gmt":"2024-02-17T10:04:25","guid":{"rendered":"https:\/\/ushade.it\/?page_id=5621"},"modified":"2024-02-17T10:04:25","modified_gmt":"2024-02-17T10:04:25","slug":"f-a-q","status":"publish","type":"page","link":"https:\/\/ushade.it\/index.php\/f-a-q\/","title":{"rendered":"F.A.Q."},"content":{"rendered":"<p><div class=\"fusion-fullwidth fullwidth-box fusion-builder-row-1 fusion-flex-container has-pattern-background has-mask-background nonhundred-percent-fullwidth non-hundred-percent-height-scrolling\" style=\"--awb-border-radius-top-left:0px;--awb-border-radius-top-right:0px;--awb-border-radius-bottom-right:0px;--awb-border-radius-bottom-left:0px;--awb-flex-wrap:wrap;\" ><div class=\"fusion-builder-row fusion-row fusion-flex-align-items-flex-start fusion-flex-content-wrap\" style=\"max-width:1216.8px;margin-left: calc(-4% \/ 2 );margin-right: calc(-4% \/ 2 );\"><div class=\"fusion-layout-column fusion_builder_column fusion-builder-column-0 fusion_builder_column_1_1 1_1 fusion-flex-column\" style=\"--awb-bg-size:cover;--awb-width-large:100%;--awb-margin-top-large:0px;--awb-spacing-right-large:1.92%;--awb-margin-bottom-large:20px;--awb-spacing-left-large:1.92%;--awb-width-medium:100%;--awb-order-medium:0;--awb-spacing-right-medium:1.92%;--awb-spacing-left-medium:1.92%;--awb-width-small:100%;--awb-order-small:0;--awb-spacing-right-small:1.92%;--awb-spacing-left-small:1.92%;\" data-scroll-devices=\"small-visibility,medium-visibility,large-visibility\"><div class=\"fusion-column-wrapper fusion-column-has-shadow fusion-flex-justify-content-flex-start fusion-content-layout-column\"><div class=\"fusion-builder-row fusion-builder-row-inner fusion-row fusion-flex-align-items-flex-start fusion-flex-content-wrap\" style=\"width:104% !important;max-width:104% !important;margin-left: calc(-4% \/ 2 );margin-right: calc(-4% \/ 2 );\"><div class=\"fusion-layout-column fusion_builder_column_inner fusion-builder-nested-column-0 fusion_builder_column_inner_1_1 1_1 fusion-flex-column\" style=\"--awb-bg-size:cover;--awb-width-large:100%;--awb-margin-top-large:0px;--awb-spacing-right-large:1.92%;--awb-margin-bottom-large:20px;--awb-spacing-left-large:1.92%;--awb-width-medium:100%;--awb-order-medium:0;--awb-spacing-right-medium:1.92%;--awb-spacing-left-medium:1.92%;--awb-width-small:100%;--awb-order-small:0;--awb-spacing-right-small:1.92%;--awb-spacing-left-small:1.92%;\" data-scroll-devices=\"small-visibility,medium-visibility,large-visibility\"><div class=\"fusion-column-wrapper fusion-column-has-shadow fusion-flex-justify-content-flex-start fusion-content-layout-column\"><div class=\"fusion-title title fusion-title-1 fusion-title-text fusion-title-size-four\"><div class=\"title-sep-container title-sep-container-left fusion-no-large-visibility fusion-no-medium-visibility fusion-no-small-visibility\"><div class=\"title-sep sep- sep-solid\" style=\"border-color:var(--awb-color3);\"><\/div><\/div><span class=\"awb-title-spacer fusion-no-large-visibility fusion-no-medium-visibility fusion-no-small-visibility\"><\/span><h4 class=\"fusion-title-heading title-heading-left fusion-responsive-typography-calculated\" style=\"margin:0;text-transform:capitalize;--fontSize:18;--minFontSize:18;line-height:var(--awb-typography1-line-height);\"><p style=\"text-align: center;\">In questa sezione cerchiamo di rispondere alle domande pi\u00f9 comuni che i nostri clienti ci pongono, prima e dopo aver acquistato un&#8217;automazione per persiana.<\/p><\/h4><span class=\"awb-title-spacer\"><\/span><div class=\"title-sep-container title-sep-container-right\"><div class=\"title-sep sep- sep-solid\" style=\"border-color:var(--awb-color3);\"><\/div><\/div><\/div><\/div><\/div><\/div><\/div><\/div><\/div><\/div><div class=\"fusion-fullwidth fullwidth-box fusion-builder-row-2 fusion-flex-container has-pattern-background has-mask-background nonhundred-percent-fullwidth non-hundred-percent-height-scrolling\" style=\"--awb-border-radius-top-left:0px;--awb-border-radius-top-right:0px;--awb-border-radius-bottom-right:0px;--awb-border-radius-bottom-left:0px;--awb-flex-wrap:wrap;\" ><div class=\"fusion-builder-row fusion-row fusion-flex-align-items-flex-start fusion-flex-content-wrap\" style=\"max-width:1216.8px;margin-left: calc(-4% \/ 2 );margin-right: calc(-4% \/ 2 );\"><div class=\"fusion-layout-column fusion_builder_column fusion-builder-column-1 fusion_builder_column_1_1 1_1 fusion-flex-column\" style=\"--awb-bg-size:cover;--awb-width-large:100%;--awb-margin-top-large:0px;--awb-spacing-right-large:1.92%;--awb-margin-bottom-large:20px;--awb-spacing-left-large:1.92%;--awb-width-medium:100%;--awb-order-medium:0;--awb-spacing-right-medium:1.92%;--awb-spacing-left-medium:1.92%;--awb-width-small:100%;--awb-order-small:0;--awb-spacing-right-small:1.92%;--awb-spacing-left-small:1.92%;\"><div class=\"fusion-column-wrapper fusion-column-has-shadow fusion-flex-justify-content-flex-start fusion-content-layout-column\"><div class=\"fusion-separator fusion-full-width-sep\" style=\"align-self: center;margin-left: auto;margin-right: auto;width:100%;\"><div class=\"fusion-separator-border sep-shadow\" style=\"--awb-height:20px;--awb-amount:20px;background:radial-gradient(ellipse at 50% -50% , var(--awb-color2) 0px, rgba(255, 255, 255, 0) 80%) repeat scroll 0 0 rgba(0, 0, 0, 0);background:-webkit-radial-gradient(ellipse at 50% -50% , var(--awb-color2) 0px, rgba(255, 255, 255, 0) 80%) repeat scroll 0 0 rgba(0, 0, 0, 0);background:-moz-radial-gradient(ellipse at 50% -50% , var(--awb-color2) 0px, rgba(255, 255, 255, 0) 80%) repeat scroll 0 0 rgba(0, 0, 0, 0);background:-o-radial-gradient(ellipse at 50% -50% , var(--awb-color2) 0px, rgba(255, 255, 255, 0) 80%) repeat scroll 0 0 rgba(0, 0, 0, 0);\"><\/div><\/div><style type=\"text\/css\">.fusion-faqs-wrapper #accordian-1 .fusion-panel { border-color:var(--awb-color2); }.fusion-faqs-wrapper #accordian-1 .fusion-panel:hover{ border-color: var(--awb-color2); }.fusion-accordian #accordian-1 .panel-title a .fa-fusion-box:before{ font-size: 13px;width: 13px;}.fusion-accordian #accordian-1 .panel-title a .fa-fusion-box{ color: var(--awb-color1);}.fusion-accordian  #accordian-1 .panel-title a{font-family:var(--awb-typography1-font-family);font-weight:var(--awb-typography1-font-weight);font-style:var(--awb-typography1-font-style);}.fusion-accordian  #accordian-1 .panel-title a:not(:hover){}.fusion-accordian  #accordian-1 .toggle-content{font-family:var(--awb-typography4-font-family);font-weight:var(--awb-typography4-font-weight);font-style:var(--awb-typography4-font-style);}.fusion-accordian #accordian-1 .fa-fusion-box { background-color: hsla(var(--awb-color8-h),var(--awb-color8-s),calc( var(--awb-color8-l) + 20% ),var(--awb-color8-a)) !important;border-color: hsla(var(--awb-color8-h),var(--awb-color8-s),calc( var(--awb-color8-l) + 20% ),var(--awb-color8-a)) !important;}.fusion-accordian #accordian-1 .panel-title a:hover,.fusion-accordian #accordian-1 .panel-title a.hover { color: var(--awb-color4);}.fusion-faq-shortcode .fusion-accordian #accordian-1 .fusion-toggle-boxed-mode:hover .panel-title a { color: var(--awb-color4);}.fusion-accordian #accordian-1 .panel-title .active .fa-fusion-box,.fusion-accordian #accordian-1 .panel-title a:hover .fa-fusion-box,.fusion-accordian #accordian-1 .panel-title a.hover .fa-fusion-box { background-color: var(--awb-color4)!important;border-color: var(--awb-color4)!important;}<\/style><div class=\"fusion-faq-shortcode\" style=\"\"><div class=\"fusion-faqs-wrapper\"><div class=\"accordian fusion-accordian\"><div class=\"panel-group \" id=\"accordian-1\"><div class=\"fusion-panel panel-default fusion-faq-post fusion-faq-post-5629 \"><span class=\"entry-title rich-snippet-hidden\">001 &#8211; Come funziona un&#8217;automazione per persiana?<\/span><span class=\"vcard rich-snippet-hidden\"><span class=\"fn\"><a href=\"https:\/\/ushade.it\/index.php\/author\/admin_wyp1o73k\/\" title=\"Articoli scritti da admin\" rel=\"author\">admin<\/a><\/span><\/span><span class=\"updated rich-snippet-hidden\">2024-02-17T10:26:20+00:00<\/span><div class=\"panel-heading\"><h4 id=\"faq_1-5629\" class=\"panel-title toggle\"><a data-toggle=\"collapse\" class=\"collapsed\" data-parent=\"#accordian-1\" data-target=\"#collapse-1-5629\" href=\"#collapse-1-5629\" aria-expanded=\"false\"><div class=\"fusion-toggle-icon-wrapper\"><div class=\"fusion-toggle-icon-wrapper-main\"><div class=\"fusion-toggle-icon-wrapper-sub\"><i class=\"fa-fusion-box active-icon awb-icon-minus\" aria-hidden=\"true\"><\/i><i class=\"fa-fusion-box inactive-icon awb-icon-plus\" aria-hidden=\"true\"><\/i><\/div><\/div><\/div><div class=\"fusion-toggle-heading\">001 &#8211; Come funziona un&#8217;automazione per persiana?<\/div><\/a><\/h4><\/div><div id=\"collapse-1-5629\" aria-labelledby=\"faq_1-5629\" class=\"panel-collapse collapse\"><div class=\"panel-body toggle-content post-content\"><p>In commercio ci sono molti sistemi che realizzano il movimento automatico di una persiana. Noi abbiamo scelto di progettare un&#8217;autentico sistema di automazione. Una traversa di alluminio con al suo interno motori, centralina elettronica, dispositivi radio e wifi che attraverso un sistema di leva (1 o 2 a seconda che sia mono o doppia anta) movimentano la persiana.<\/p>\n<p>Il nostro sistema ha il vantaggio di arrivare gi\u00e0 assemblato e collaudato a differenza degli altri sistemi in commercio che vanno assemblati e per questo sono soggetti a guasti o malfunzionamenti dovuti ai problemi di assemblaggio durante l&#8217;installazione.<\/p>\n<\/div><\/div><\/div><div class=\"fusion-panel panel-default fusion-faq-post fusion-faq-post-5624 \"><span class=\"entry-title rich-snippet-hidden\">002 &#8211; Dove si installa l&#8217;automatismo per persiana?<\/span><span class=\"vcard rich-snippet-hidden\"><span class=\"fn\"><a href=\"https:\/\/ushade.it\/index.php\/author\/admin_wyp1o73k\/\" title=\"Articoli scritti da admin\" rel=\"author\">admin<\/a><\/span><\/span><span class=\"updated rich-snippet-hidden\">2024-02-17T10:26:40+00:00<\/span><div class=\"panel-heading\"><h4 id=\"faq_1-5624\" class=\"panel-title toggle\"><a data-toggle=\"collapse\" class=\"collapsed\" data-parent=\"#accordian-1\" data-target=\"#collapse-1-5624\" href=\"#collapse-1-5624\" aria-expanded=\"false\"><div class=\"fusion-toggle-icon-wrapper\"><div class=\"fusion-toggle-icon-wrapper-main\"><div class=\"fusion-toggle-icon-wrapper-sub\"><i class=\"fa-fusion-box active-icon awb-icon-minus\" aria-hidden=\"true\"><\/i><i class=\"fa-fusion-box inactive-icon awb-icon-plus\" aria-hidden=\"true\"><\/i><\/div><\/div><\/div><div class=\"fusion-toggle-heading\">002 &#8211; Dove si installa l&#8217;automatismo per persiana?<\/div><\/a><\/h4><\/div><div id=\"collapse-1-5624\" aria-labelledby=\"faq_1-5624\" class=\"panel-collapse collapse\"><div class=\"panel-body toggle-content post-content\"><p>Le nostre traverse automatiche si installano normalmente in alto in modo tale che rimangano discrete e quasi invisibili. In particolari condizioni si possono anche installare in basso, senza alcuna difficolt\u00e0. Se ad esempio il design della persiana non \u00e8 rettangolare ma la sommit\u00e0 presenta un arco, in questo caso andr\u00e0 montata in basso.<\/p>\n<\/div><\/div><\/div><div class=\"fusion-panel panel-default fusion-faq-post fusion-faq-post-5631 \"><span class=\"entry-title rich-snippet-hidden\">003 &#8211; Quali misure devo conoscere per acquistare un&#8217;automatismo per persiana<\/span><span class=\"vcard rich-snippet-hidden\"><span class=\"fn\"><a href=\"https:\/\/ushade.it\/index.php\/author\/admin_wyp1o73k\/\" title=\"Articoli scritti da admin\" rel=\"author\">admin<\/a><\/span><\/span><span class=\"updated rich-snippet-hidden\">2024-04-19T10:39:59+00:00<\/span><div class=\"panel-heading\"><h4 id=\"faq_1-5631\" class=\"panel-title toggle\"><a data-toggle=\"collapse\" class=\"collapsed\" data-parent=\"#accordian-1\" data-target=\"#collapse-1-5631\" href=\"#collapse-1-5631\" aria-expanded=\"false\"><div class=\"fusion-toggle-icon-wrapper\"><div class=\"fusion-toggle-icon-wrapper-main\"><div class=\"fusion-toggle-icon-wrapper-sub\"><i class=\"fa-fusion-box active-icon awb-icon-minus\" aria-hidden=\"true\"><\/i><i class=\"fa-fusion-box inactive-icon awb-icon-plus\" aria-hidden=\"true\"><\/i><\/div><\/div><\/div><div class=\"fusion-toggle-heading\">003 &#8211; Quali misure devo conoscere per acquistare un&#8217;automatismo per persiana<\/div><\/a><\/h4><\/div><div id=\"collapse-1-5631\" aria-labelledby=\"faq_1-5631\" class=\"panel-collapse collapse\"><div class=\"panel-body toggle-content post-content\"><p>Sicuramente la prima misura \u00e8 quella riguardante la larghezza della persiana. A completamento e per scegliere correttamente il tipo di leva dobbiamo prendere altre tre misure che sono:<\/p>\n<p><img decoding=\"async\" class=\"lazyload wp-image-5633 alignleft\" src=\"https:\/\/ushade.it\/wp-content\/uploads\/2024\/02\/misure_fondamentali.jpg\" data-orig-src=\"https:\/\/ushade.it\/wp-content\/uploads\/2024\/02\/misure_fondamentali.jpg\" alt=\"\" width=\"476\" height=\"219\" srcset=\"data:image\/svg+xml,%3Csvg%20xmlns%3D%27http%3A%2F%2Fwww.w3.org%2F2000%2Fsvg%27%20width%3D%27476%27%20height%3D%27219%27%20viewBox%3D%270%200%20476%20219%27%3E%3Crect%20width%3D%27476%27%20height%3D%27219%27%20fill-opacity%3D%220%22%2F%3E%3C%2Fsvg%3E\" data-srcset=\"https:\/\/ushade.it\/wp-content\/uploads\/2024\/02\/misure_fondamentali-200x92.jpg 200w, https:\/\/ushade.it\/wp-content\/uploads\/2024\/02\/misure_fondamentali-300x138.jpg 300w, https:\/\/ushade.it\/wp-content\/uploads\/2024\/02\/misure_fondamentali-400x184.jpg 400w, https:\/\/ushade.it\/wp-content\/uploads\/2024\/02\/misure_fondamentali-600x276.jpg 600w, https:\/\/ushade.it\/wp-content\/uploads\/2024\/02\/misure_fondamentali-768x353.jpg 768w, https:\/\/ushade.it\/wp-content\/uploads\/2024\/02\/misure_fondamentali-800x368.jpg 800w, https:\/\/ushade.it\/wp-content\/uploads\/2024\/02\/misure_fondamentali-1024x471.jpg 1024w, https:\/\/ushade.it\/wp-content\/uploads\/2024\/02\/misure_fondamentali.jpg 1052w\" data-sizes=\"auto\" data-orig-sizes=\"(max-width: 476px) 100vw, 476px\" \/><\/p>\n<ol>\n<li>La distanza, comprensiva dello spessore anta, tra la finestra e l&#8217;anta completamente aperta.<\/li>\n<li>La distanza tra la finestra e il cardine dell&#8217;anta persiana<\/li>\n<li>La distanza tra la persiana totalmente chiusa e la finestra.<\/li>\n<\/ol>\n<p>Queste misure servono a valutare se la traversa motorizzata pu\u00f2 essere installata e quale leva occorre alla movimentazione delle ante. C&#8217;\u00e8 da notare, in particolare che se la misura 3 \u00e8 inferiore agli 80 mm la traversa non potr\u00e0 essere installata poich\u00e9 non entrer\u00e0 nel vano tra la persiana e la finestra.<\/p>\n<p>&nbsp;<\/p>\n<p>&nbsp;<\/p>\n<p>Per rendere ancora pi\u00f9 semplice questa operazione abbiamo realizzato un breve video che ti illustra tutti i passi da compiere per effettuare questa operazione. Guarda il video sotto.<\/p>\n<div class=\"video-shortcode\"><iframe class=\"lazyload\" title=\"Come prendere le misure per motorizzare una persiana\" width=\"1170\" height=\"658\" src=\"data:image\/svg+xml,%3Csvg%20xmlns%3D%27http%3A%2F%2Fwww.w3.org%2F2000%2Fsvg%27%20width%3D%271170%27%20height%3D%27658%27%20viewBox%3D%270%200%201170%20658%27%3E%3Crect%20width%3D%271170%27%20height%3D%27658%27%20fill-opacity%3D%220%22%2F%3E%3C%2Fsvg%3E\" data-orig-src=\"https:\/\/www.youtube.com\/embed\/QqitNB4MO7E?feature=oembed\" frameborder=\"0\" allow=\"accelerometer; autoplay; clipboard-write; encrypted-media; gyroscope; picture-in-picture; web-share\" referrerpolicy=\"strict-origin-when-cross-origin\" allowfullscreen><\/iframe><\/div>\n<\/div><\/div><\/div><div class=\"fusion-panel panel-default fusion-faq-post fusion-faq-post-5638 \"><span class=\"entry-title rich-snippet-hidden\">004 &#8211; Posso installare da solo la mia automazione?<\/span><span class=\"vcard rich-snippet-hidden\"><span class=\"fn\"><a href=\"https:\/\/ushade.it\/index.php\/author\/admin_wyp1o73k\/\" title=\"Articoli scritti da admin\" rel=\"author\">admin<\/a><\/span><\/span><span class=\"updated rich-snippet-hidden\">2024-02-17T10:32:13+00:00<\/span><div class=\"panel-heading\"><h4 id=\"faq_1-5638\" class=\"panel-title toggle\"><a data-toggle=\"collapse\" class=\"collapsed\" data-parent=\"#accordian-1\" data-target=\"#collapse-1-5638\" href=\"#collapse-1-5638\" aria-expanded=\"false\"><div class=\"fusion-toggle-icon-wrapper\"><div class=\"fusion-toggle-icon-wrapper-main\"><div class=\"fusion-toggle-icon-wrapper-sub\"><i class=\"fa-fusion-box active-icon awb-icon-minus\" aria-hidden=\"true\"><\/i><i class=\"fa-fusion-box inactive-icon awb-icon-plus\" aria-hidden=\"true\"><\/i><\/div><\/div><\/div><div class=\"fusion-toggle-heading\">004 &#8211; Posso installare da solo la mia automazione?<\/div><\/a><\/h4><\/div><div id=\"collapse-1-5638\" aria-labelledby=\"faq_1-5638\" class=\"panel-collapse collapse\"><div class=\"panel-body toggle-content post-content\"><p>La nostra traversa automatizzata arriva gi\u00e0 assemblata e cablata. Viene poi anche fatto una pre-programmazione ai fini del collaudo. Questo significa che quando l&#8217;automazione arriva dal cliente le ante si muovono. I finecorsa e il verso dei motori, purtroppo non \u00e8 possibile saperlo in anticipo, quindi una volta installato il sistema va programmato, attraverso una procedura molto semplice.<\/p>\n<p>La possibilit\u00e0 di installarlo in autonomia \u00e8 contemplata e la scelta se farlo o meno ricade sul cliente \/ utilizzatore. Se si ha una buona manualit\u00e0 con trapano, forbici e attrezzi sicuramente si riuscir\u00e0. In alternativa consigliamo sempre di rivolgersi ad un tecnico specializzato che pu\u00f2 individuarsi in un elettricista che monta automazioni.<\/p>\n<p>In ultimo ci teniamo a ricordare che la nostra traversa \u00e8 flessibile, in quanto pu\u00f2 essere accorciata a piacimento anche sul posto. Noi consigliamo sempre di richiedere a noi il taglio a misura preciso, tra l&#8217;altro gratuito, in modo da non dover fare alcuna operazione sul posto, se non il montaggio.<\/p>\n<\/div><\/div><\/div><div class=\"fusion-panel panel-default fusion-faq-post fusion-faq-post-5640 \"><span class=\"entry-title rich-snippet-hidden\">005 &#8211; Chi produce l&#8217;automazione per persiane USHADE?<\/span><span class=\"vcard rich-snippet-hidden\"><span class=\"fn\"><a href=\"https:\/\/ushade.it\/index.php\/author\/admin_wyp1o73k\/\" title=\"Articoli scritti da admin\" rel=\"author\">admin<\/a><\/span><\/span><span class=\"updated rich-snippet-hidden\">2024-02-29T14:22:18+00:00<\/span><div class=\"panel-heading\"><h4 id=\"faq_1-5640\" class=\"panel-title toggle\"><a data-toggle=\"collapse\" class=\"collapsed\" data-parent=\"#accordian-1\" data-target=\"#collapse-1-5640\" href=\"#collapse-1-5640\" aria-expanded=\"false\"><div class=\"fusion-toggle-icon-wrapper\"><div class=\"fusion-toggle-icon-wrapper-main\"><div class=\"fusion-toggle-icon-wrapper-sub\"><i class=\"fa-fusion-box active-icon awb-icon-minus\" aria-hidden=\"true\"><\/i><i class=\"fa-fusion-box inactive-icon awb-icon-plus\" aria-hidden=\"true\"><\/i><\/div><\/div><\/div><div class=\"fusion-toggle-heading\">005 &#8211; Chi produce l&#8217;automazione per persiane USHADE?<\/div><\/a><\/h4><\/div><div id=\"collapse-1-5640\" aria-labelledby=\"faq_1-5640\" class=\"panel-collapse collapse\"><div class=\"panel-body toggle-content post-content\"><p>Siamo molto orgogliosi del fatto che l&#8217;automazione per persiane sia realizzata da noi, assemblando prodotti di altissima qualit\u00e0 italiani e garantiti. La meccanica dei nostri motori e la sofisticata elettronica delle nostre centrali, creano un prodotti unico sul mercato per qualit\u00e0 e affidabilit\u00e0.<\/p>\n<p>Guarda il video sotto dove ti mostriamo il processo di produzioone.<\/p>\n<div class=\"video-shortcode\"><iframe class=\"lazyload\" title=\"Motorizzazione per persiane USHADE, semplice, sicura e made in Italy\" width=\"1170\" height=\"658\" src=\"data:image\/svg+xml,%3Csvg%20xmlns%3D%27http%3A%2F%2Fwww.w3.org%2F2000%2Fsvg%27%20width%3D%271170%27%20height%3D%27658%27%20viewBox%3D%270%200%201170%20658%27%3E%3Crect%20width%3D%271170%27%20height%3D%27658%27%20fill-opacity%3D%220%22%2F%3E%3C%2Fsvg%3E\" data-orig-src=\"https:\/\/www.youtube.com\/embed\/DqH5qygONRQ?feature=oembed\" frameborder=\"0\" allow=\"accelerometer; autoplay; clipboard-write; encrypted-media; gyroscope; picture-in-picture; web-share\" allowfullscreen><\/iframe><\/div>\n<\/div><\/div><\/div><div class=\"fusion-panel panel-default fusion-faq-post fusion-faq-post-5644 \"><span class=\"entry-title rich-snippet-hidden\">006 &#8211; Quanto \u00e8 difficile programmare un&#8217;automazione per persiana<\/span><span class=\"vcard rich-snippet-hidden\"><span class=\"fn\"><a href=\"https:\/\/ushade.it\/index.php\/author\/admin_wyp1o73k\/\" title=\"Articoli scritti da admin\" rel=\"author\">admin<\/a><\/span><\/span><span class=\"updated rich-snippet-hidden\">2024-04-19T10:38:27+00:00<\/span><div class=\"panel-heading\"><h4 id=\"faq_1-5644\" class=\"panel-title toggle\"><a data-toggle=\"collapse\" class=\"collapsed\" data-parent=\"#accordian-1\" data-target=\"#collapse-1-5644\" href=\"#collapse-1-5644\" aria-expanded=\"false\"><div class=\"fusion-toggle-icon-wrapper\"><div class=\"fusion-toggle-icon-wrapper-main\"><div class=\"fusion-toggle-icon-wrapper-sub\"><i class=\"fa-fusion-box active-icon awb-icon-minus\" aria-hidden=\"true\"><\/i><i class=\"fa-fusion-box inactive-icon awb-icon-plus\" aria-hidden=\"true\"><\/i><\/div><\/div><\/div><div class=\"fusion-toggle-heading\">006 &#8211; Quanto \u00e8 difficile programmare un&#8217;automazione per persiana<\/div><\/a><\/h4><\/div><div id=\"collapse-1-5644\" aria-labelledby=\"faq_1-5644\" class=\"panel-collapse collapse\"><div class=\"panel-body toggle-content post-content\"><p>La programmazione \u00e8 veramente semplice e intuitiva. Gi\u00e0 la nostra grafica sulle centralina aiuta in maniera molto veloce a definire i morsetti per i collegamenti e le scelte da effettuare con i micro-switch. La regolazione della corsa delle ante \u00e8 poi veramente molto semplice. Come puoi vedere in questo semplice video che abbiamo realizzato ti baster\u00e0 entrare in programmazione e dare un comando di OPEN e poi uno di CLOSE e l&#8217;automazione far\u00e0 tutto da sola.<\/p>\n<div class=\"video-shortcode\"><iframe class=\"lazyload\" title=\"Programmazione corsa ante motorizzazione persiana USHADE\" width=\"1170\" height=\"658\" src=\"data:image\/svg+xml,%3Csvg%20xmlns%3D%27http%3A%2F%2Fwww.w3.org%2F2000%2Fsvg%27%20width%3D%271170%27%20height%3D%27658%27%20viewBox%3D%270%200%201170%20658%27%3E%3Crect%20width%3D%271170%27%20height%3D%27658%27%20fill-opacity%3D%220%22%2F%3E%3C%2Fsvg%3E\" data-orig-src=\"https:\/\/www.youtube.com\/embed\/0vwCf9TrGeE?feature=oembed\" frameborder=\"0\" allow=\"accelerometer; autoplay; clipboard-write; encrypted-media; gyroscope; picture-in-picture; web-share\" referrerpolicy=\"strict-origin-when-cross-origin\" allowfullscreen><\/iframe><\/div>\n<\/div><\/div><\/div><\/div><\/div><\/div><\/div><\/div><\/div><\/div><\/div><div class=\"fusion-fullwidth fullwidth-box fusion-builder-row-3 fusion-flex-container has-pattern-background has-mask-background nonhundred-percent-fullwidth non-hundred-percent-height-scrolling\" style=\"--awb-border-radius-top-left:0px;--awb-border-radius-top-right:0px;--awb-border-radius-bottom-right:0px;--awb-border-radius-bottom-left:0px;--awb-flex-wrap:wrap;\" ><div class=\"fusion-builder-row fusion-row fusion-flex-align-items-flex-start fusion-flex-content-wrap\" style=\"max-width:1216.8px;margin-left: calc(-4% \/ 2 );margin-right: calc(-4% \/ 2 );\"><div class=\"fusion-layout-column fusion_builder_column fusion-builder-column-2 fusion_builder_column_1_1 1_1 fusion-flex-column\" style=\"--awb-bg-size:cover;--awb-width-large:100%;--awb-margin-top-large:0px;--awb-spacing-right-large:1.92%;--awb-margin-bottom-large:20px;--awb-spacing-left-large:1.92%;--awb-width-medium:100%;--awb-order-medium:0;--awb-spacing-right-medium:1.92%;--awb-spacing-left-medium:1.92%;--awb-width-small:100%;--awb-order-small:0;--awb-spacing-right-small:1.92%;--awb-spacing-left-small:1.92%;\"><div class=\"fusion-column-wrapper fusion-column-has-shadow fusion-flex-justify-content-flex-start fusion-content-layout-column\"><\/div><\/div><\/div><\/div><\/p>\n","protected":false},"excerpt":{"rendered":"","protected":false},"author":1,"featured_media":5274,"parent":0,"menu_order":0,"comment_status":"closed","ping_status":"closed","template":"100-width.php","meta":{"content-type":"","footnotes":""},"class_list":["post-5621","page","type-page","status-publish","has-post-thumbnail","hentry"],"_links":{"self":[{"href":"https:\/\/ushade.it\/index.php\/wp-json\/wp\/v2\/pages\/5621","targetHints":{"allow":["GET"]}}],"collection":[{"href":"https:\/\/ushade.it\/index.php\/wp-json\/wp\/v2\/pages"}],"about":[{"href":"https:\/\/ushade.it\/index.php\/wp-json\/wp\/v2\/types\/page"}],"author":[{"embeddable":true,"href":"https:\/\/ushade.it\/index.php\/wp-json\/wp\/v2\/users\/1"}],"replies":[{"embeddable":true,"href":"https:\/\/ushade.it\/index.php\/wp-json\/wp\/v2\/comments?post=5621"}],"version-history":[{"count":3,"href":"https:\/\/ushade.it\/index.php\/wp-json\/wp\/v2\/pages\/5621\/revisions"}],"predecessor-version":[{"id":5627,"href":"https:\/\/ushade.it\/index.php\/wp-json\/wp\/v2\/pages\/5621\/revisions\/5627"}],"wp:featuredmedia":[{"embeddable":true,"href":"https:\/\/ushade.it\/index.php\/wp-json\/wp\/v2\/media\/5274"}],"wp:attachment":[{"href":"https:\/\/ushade.it\/index.php\/wp-json\/wp\/v2\/media?parent=5621"}],"curies":[{"name":"wp","href":"https:\/\/api.w.org\/{rel}","templated":true}]}}