{"id":5820,"date":"2025-04-03T10:00:56","date_gmt":"2025-04-03T10:00:56","guid":{"rendered":"https:\/\/ushade.it\/?page_id=5820"},"modified":"2025-04-03T10:02:23","modified_gmt":"2025-04-03T10:02:23","slug":"gli-elementi-dellapripersiana-ushade","status":"publish","type":"page","link":"https:\/\/ushade.it\/index.php\/gli-elementi-dellapripersiana-ushade\/","title":{"rendered":"Gli elementi dell&#8217;apripersiana USHADE"},"content":{"rendered":"<p><div class=\"fusion-fullwidth fullwidth-box fusion-builder-row-1 fusion-flex-container has-pattern-background has-mask-background nonhundred-percent-fullwidth non-hundred-percent-height-scrolling\" style=\"--awb-border-radius-top-left:0px;--awb-border-radius-top-right:0px;--awb-border-radius-bottom-right:0px;--awb-border-radius-bottom-left:0px;--awb-flex-wrap:wrap;\" ><div class=\"fusion-builder-row fusion-row fusion-flex-align-items-flex-start fusion-flex-content-wrap\" style=\"max-width:1216.8px;margin-left: calc(-4% \/ 2 );margin-right: calc(-4% \/ 2 );\"><div class=\"fusion-layout-column fusion_builder_column fusion-builder-column-0 fusion_builder_column_1_1 1_1 fusion-flex-column\" style=\"--awb-bg-size:cover;--awb-width-large:100%;--awb-margin-top-large:0px;--awb-spacing-right-large:1.92%;--awb-margin-bottom-large:20px;--awb-spacing-left-large:1.92%;--awb-width-medium:100%;--awb-order-medium:0;--awb-spacing-right-medium:1.92%;--awb-spacing-left-medium:1.92%;--awb-width-small:100%;--awb-order-small:0;--awb-spacing-right-small:1.92%;--awb-spacing-left-small:1.92%;\"><div class=\"fusion-column-wrapper fusion-column-has-shadow fusion-flex-justify-content-flex-start fusion-content-layout-column\"><div class=\"fusion-title title fusion-title-1 fusion-title-text fusion-title-size-one\" style=\"--awb-text-color:#ff5900;\"><div class=\"title-sep-container title-sep-container-left fusion-no-large-visibility fusion-no-medium-visibility fusion-no-small-visibility\"><div class=\"title-sep sep- sep-solid\" style=\"border-color:var(--awb-color3);\"><\/div><\/div><span class=\"awb-title-spacer fusion-no-large-visibility fusion-no-medium-visibility fusion-no-small-visibility\"><\/span><h1 class=\"fusion-title-heading title-heading-left fusion-responsive-typography-calculated\" style=\"margin:0;text-transform:none;--fontSize:60;line-height:var(--awb-typography1-line-height);\"><strong>Scopri il sistema apripersiana USHADE: sicurezza, efficienza e praticit\u00e0 per la tua casa e i tuoi progetti.<\/strong><\/h1><span class=\"awb-title-spacer\"><\/span><div class=\"title-sep-container title-sep-container-right\"><div class=\"title-sep sep- sep-solid\" style=\"border-color:var(--awb-color3);\"><\/div><\/div><\/div><div class=\"fusion-text fusion-text-1\"><p>Sei stanco di sistemi apripersiana che non funzionano come dovrebbero? La sicurezza, la praticit\u00e0 e la durata sono gli aspetti fondamentali di un buon apripersiana. Ecco perch\u00e9 il nostro sistema USHADE \u00e8 la soluzione perfetta per te.<\/p>\n<\/div><div class=\"fusion-video fusion-youtube\" style=\"--awb-max-width:600px;--awb-max-height:360px;--awb-align-self:center;--awb-width:100%;--awb-margin-top:2%;--awb-margin-bottom:2%;\"><div class=\"video-shortcode\"><lite-youtube videoid=\"Usdiz_S9ZDo\" class=\"landscape\" params=\"wmode=transparent&autoplay=1&amp;enablejsapi=1\" title=\"YouTube video player 1\" data-button-label=\"Play Video\" width=\"600\" height=\"360\" data-thumbnail-size=\"auto\" data-no-cookie=\"on\"><\/lite-youtube><\/div><\/div><div class=\"fusion-text fusion-text-2\"><p>Sai quanto possa essere frustrante avere un sistema apripersiana che non si adatta alle tue esigenze o che si guasta facilmente. Inoltre, non tutte le persiane sono costruite per resistere a condizioni difficili come il vento forte o i guasti improvvisi. Con USHADE, non dovrai pi\u00f9 preoccuparti di questi problemi.<\/p>\n<\/div><div class=\"fusion-title title fusion-title-2 fusion-title-text fusion-title-size-two\" style=\"--awb-text-color:#ff5000;\"><div class=\"title-sep-container title-sep-container-left fusion-no-large-visibility fusion-no-medium-visibility fusion-no-small-visibility\"><div class=\"title-sep sep- sep-solid\" style=\"border-color:var(--awb-color3);\"><\/div><\/div><span class=\"awb-title-spacer fusion-no-large-visibility fusion-no-medium-visibility fusion-no-small-visibility\"><\/span><h2 class=\"fusion-title-heading title-heading-left fusion-responsive-typography-calculated\" style=\"margin:0;text-transform:none;--fontSize:42;line-height:var(--awb-typography1-line-height);\"><strong>Cos\u2019\u00e8 il sistema USHADE?<\/strong><\/h2><span class=\"awb-title-spacer\"><\/span><div class=\"title-sep-container title-sep-container-right\"><div class=\"title-sep sep- sep-solid\" style=\"border-color:var(--awb-color3);\"><\/div><\/div><\/div><div class=\"fusion-text fusion-text-3\"><p>USHADE \u00e8 un apripersiana innovativo, progettato per essere robusto e facile da usare. \u00c8 composto da tre elementi principali che lavorano insieme per garantire un funzionamento impeccabile: la traversa, la leva e la guida. Questi componenti sono facili da installare, ma offrono prestazioni eccezionali.<\/p>\n<\/div><div class=\"fusion-builder-row fusion-builder-row-inner fusion-row fusion-flex-align-items-flex-start fusion-flex-content-wrap\" style=\"width:104% !important;max-width:104% !important;margin-left: calc(-4% \/ 2 );margin-right: calc(-4% \/ 2 );\"><div class=\"fusion-layout-column fusion_builder_column_inner fusion-builder-nested-column-0 fusion_builder_column_inner_1_2 1_2 fusion-flex-column\" style=\"--awb-bg-size:cover;--awb-width-large:50%;--awb-margin-top-large:56px;--awb-spacing-right-large:3.84%;--awb-margin-bottom-large:20px;--awb-spacing-left-large:3.84%;--awb-width-medium:100%;--awb-order-medium:0;--awb-spacing-right-medium:1.92%;--awb-spacing-left-medium:1.92%;--awb-width-small:100%;--awb-order-small:0;--awb-spacing-right-small:1.92%;--awb-spacing-left-small:1.92%;\"><div class=\"fusion-column-wrapper fusion-column-has-shadow fusion-flex-justify-content-flex-start fusion-content-layout-column\"><ul style=\"--awb-margin-top:2%;--awb-line-height:23.8px;--awb-icon-width:23.8px;--awb-icon-height:23.8px;--awb-icon-margin:9.8px;--awb-content-margin:33.6px;--awb-circlecolor:var(--awb-color4);--awb-circle-yes-font-size:12.32px;\" class=\"fusion-checklist fusion-checklist-1 fusion-checklist-default type-icons\"><li class=\"fusion-li-item\" style=\"\"><span class=\"icon-wrapper circle-yes\"><i class=\"fusion-li-icon fa-angle-double-right fas\" aria-hidden=\"true\"><\/i><\/span><div class=\"fusion-li-item-content\"><strong>La traversa<\/strong> \u00e8 il cuore del sistema, che fornisce stabilit\u00e0 e supporto.<\/div><\/li><li class=\"fusion-li-item\" style=\"\"><span class=\"icon-wrapper circle-yes\"><i class=\"fusion-li-icon fa-angle-double-right fas\" aria-hidden=\"true\"><\/i><\/span><div class=\"fusion-li-item-content\">\n<p><strong>La leva<\/strong> permette di aprire e chiudere facilmente la persiana. Disponibile in due varianti, telescopica e fissa, ti offre la flessibilit\u00e0 di adattarla alle tue esigenze specifiche.<\/p>\n<\/div><\/li><li class=\"fusion-li-item\" style=\"\"><span class=\"icon-wrapper circle-yes\"><i class=\"fusion-li-icon fa-angle-double-right fas\" aria-hidden=\"true\"><\/i><\/span><div class=\"fusion-li-item-content\">\n<p><strong>La guida<\/strong> \u00e8 il componente che mantiene il perno in movimento, scorrendo senza difficolt\u00e0 lungo la persiana.<\/p>\n<\/div><\/li><\/ul><\/div><\/div><div class=\"fusion-layout-column fusion_builder_column_inner fusion-builder-nested-column-1 fusion_builder_column_inner_1_2 1_2 fusion-flex-column\" style=\"--awb-bg-size:cover;--awb-width-large:50%;--awb-margin-top-large:0px;--awb-spacing-right-large:3.84%;--awb-margin-bottom-large:20px;--awb-spacing-left-large:3.84%;--awb-width-medium:100%;--awb-order-medium:0;--awb-spacing-right-medium:1.92%;--awb-spacing-left-medium:1.92%;--awb-width-small:100%;--awb-order-small:0;--awb-spacing-right-small:1.92%;--awb-spacing-left-small:1.92%;\"><div class=\"fusion-column-wrapper fusion-column-has-shadow fusion-flex-justify-content-flex-start fusion-content-layout-column\"><div class=\"fusion-image-element \" style=\"--awb-caption-title-font-family:var(--h2_typography-font-family);--awb-caption-title-font-weight:var(--h2_typography-font-weight);--awb-caption-title-font-style:var(--h2_typography-font-style);--awb-caption-title-size:var(--h2_typography-font-size);--awb-caption-title-transform:var(--h2_typography-text-transform);--awb-caption-title-line-height:var(--h2_typography-line-height);--awb-caption-title-letter-spacing:var(--h2_typography-letter-spacing);\"><span class=\" fusion-imageframe imageframe-none imageframe-1 hover-type-none\"><img decoding=\"async\" width=\"940\" height=\"788\" title=\"apripersiana ushade\" src=\"https:\/\/ushade.it\/wp-content\/uploads\/2025\/04\/apripersiana-ushade.jpg\" data-orig-src=\"https:\/\/ushade.it\/wp-content\/uploads\/2025\/04\/apripersiana-ushade.jpg\" alt class=\"lazyload img-responsive wp-image-5797\" srcset=\"data:image\/svg+xml,%3Csvg%20xmlns%3D%27http%3A%2F%2Fwww.w3.org%2F2000%2Fsvg%27%20width%3D%27940%27%20height%3D%27788%27%20viewBox%3D%270%200%20940%20788%27%3E%3Crect%20width%3D%27940%27%20height%3D%27788%27%20fill-opacity%3D%220%22%2F%3E%3C%2Fsvg%3E\" data-srcset=\"https:\/\/ushade.it\/wp-content\/uploads\/2025\/04\/apripersiana-ushade-200x168.jpg 200w, https:\/\/ushade.it\/wp-content\/uploads\/2025\/04\/apripersiana-ushade-400x335.jpg 400w, https:\/\/ushade.it\/wp-content\/uploads\/2025\/04\/apripersiana-ushade-600x503.jpg 600w, https:\/\/ushade.it\/wp-content\/uploads\/2025\/04\/apripersiana-ushade-800x671.jpg 800w, https:\/\/ushade.it\/wp-content\/uploads\/2025\/04\/apripersiana-ushade.jpg 940w\" data-sizes=\"auto\" data-orig-sizes=\"(max-width: 1024px) 100vw, (max-width: 489px) 100vw, 600px\" \/><\/span><\/div><\/div><\/div><\/div><div class=\"fusion-separator fusion-full-width-sep\" style=\"align-self: center;margin-left: auto;margin-right: auto;width:100%;\"><div class=\"fusion-separator-border sep-double\" style=\"--awb-height:20px;--awb-amount:20px;border-color:var(--awb-color2);border-top-width:1px;border-bottom-width:1px;\"><\/div><\/div><div class=\"fusion-title title fusion-title-3 fusion-title-text fusion-title-size-two\" style=\"--awb-text-color:#ff7200;--awb-margin-top:2%;\"><div class=\"title-sep-container title-sep-container-left fusion-no-large-visibility fusion-no-medium-visibility fusion-no-small-visibility\"><div class=\"title-sep sep- sep-solid\" style=\"border-color:var(--awb-color3);\"><\/div><\/div><span class=\"awb-title-spacer fusion-no-large-visibility fusion-no-medium-visibility fusion-no-small-visibility\"><\/span><h2 class=\"fusion-title-heading title-heading-left fusion-responsive-typography-calculated\" style=\"margin:0;text-transform:none;--fontSize:42;line-height:var(--awb-typography1-line-height);\"><strong>Le caratteristiche che fanno la differenza:<\/strong><\/h2><span class=\"awb-title-spacer\"><\/span><div class=\"title-sep-container title-sep-container-right\"><div class=\"title-sep sep- sep-solid\" style=\"border-color:var(--awb-color3);\"><\/div><\/div><\/div><div class=\"fusion-tabs fusion-tabs-1 classic nav-is-justified horizontal-tabs icon-position-left mobile-mode-accordion\" style=\"--awb-title-border-radius-top-left:0px;--awb-title-border-radius-top-right:0px;--awb-title-border-radius-bottom-right:0px;--awb-title-border-radius-bottom-left:0px;--awb-alignment:start;--awb-inactive-color:#f2e3cd;--awb-background-color:var(--awb-color1);--awb-border-color:#ffdbd1;--awb-active-border-color:var(--awb-color4);\"><div class=\"nav\"><ul class=\"nav-tabs nav-justified\" role=\"tablist\"><li class=\"active\" role=\"presentation\"><a class=\"tab-link\" data-toggle=\"tab\" role=\"tab\" aria-controls=\"tab-31d284846035f099abe\" aria-selected=\"true\" id=\"fusion-tab-frizionemeccanica\" href=\"#tab-31d284846035f099abe\"><h3 class=\"fusion-tab-heading\">Frizione meccanica<\/h3><\/a><\/li><li role=\"presentation\"><a class=\"tab-link\" data-toggle=\"tab\" role=\"tab\" aria-controls=\"tab-d0ddb20afd5eb953fd5\" aria-selected=\"false\" tabindex=\"-1\" id=\"fusion-tab-resistenzaagliurti\" href=\"#tab-d0ddb20afd5eb953fd5\"><h3 class=\"fusion-tab-heading\">Resistenza agli urti<\/h3><\/a><\/li><li role=\"presentation\"><a class=\"tab-link\" data-toggle=\"tab\" role=\"tab\" aria-controls=\"tab-1070d0415079f605019\" aria-selected=\"false\" tabindex=\"-1\" id=\"fusion-tab-facilit\u00e0dimanutenzioneesostituzione\" href=\"#tab-1070d0415079f605019\"><h3 class=\"fusion-tab-heading\">Facilit\u00e0 di manutenzione e sostituzione<\/h3><\/a><\/li><\/ul><\/div><div class=\"tab-content\"><div class=\"nav fusion-mobile-tab-nav\"><ul class=\"nav-tabs nav-justified\" role=\"tablist\"><li class=\"active\" role=\"presentation\"><a class=\"tab-link\" data-toggle=\"tab\" role=\"tab\" aria-controls=\"tab-31d284846035f099abe\" aria-selected=\"true\" id=\"mobile-fusion-tab-frizionemeccanica\" href=\"#tab-31d284846035f099abe\"><h3 class=\"fusion-tab-heading\">Frizione meccanica<\/h3><\/a><\/li><\/ul><\/div><div class=\"tab-pane fade fusion-clearfix in active\" role=\"tabpanel\" tabindex=\"0\" aria-labelledby=\"fusion-tab-frizionemeccanica\" id=\"tab-31d284846035f099abe\">\n<p>La presenza della frizione meccanica integrata evita guasti in caso di malfunzionamenti o mancanza di corrente. Grazie a questa innovazione, puoi sbloccare l&#8217;anta semplicemente allentando un dado. Questo ti d\u00e0 il controllo in ogni situazione, anche se c\u2019\u00e8 un problema con l\u2019impianto elettrico.<\/p>\n<\/div><div class=\"nav fusion-mobile-tab-nav\"><ul class=\"nav-tabs nav-justified\" role=\"tablist\"><li role=\"presentation\"><a class=\"tab-link\" data-toggle=\"tab\" role=\"tab\" aria-controls=\"tab-d0ddb20afd5eb953fd5\" aria-selected=\"false\" tabindex=\"-1\" id=\"mobile-fusion-tab-resistenzaagliurti\" href=\"#tab-d0ddb20afd5eb953fd5\"><h3 class=\"fusion-tab-heading\">Resistenza agli urti<\/h3><\/a><\/li><\/ul><\/div><div class=\"tab-pane fade fusion-clearfix\" role=\"tabpanel\" tabindex=\"0\" aria-labelledby=\"fusion-tab-resistenzaagliurti\" id=\"tab-d0ddb20afd5eb953fd5\">\n<p>Grazie alla doppia frizione, inclusa quella meccanica, l\u2019anta \u00e8 protetta anche dagli impatti forti, come quelli provocati da venti intensi. Non rischi di danneggiare il motore o i componenti cruciali della persiana.<\/p>\n<\/div><div class=\"nav fusion-mobile-tab-nav\"><ul class=\"nav-tabs nav-justified\" role=\"tablist\"><li role=\"presentation\"><a class=\"tab-link\" data-toggle=\"tab\" role=\"tab\" aria-controls=\"tab-1070d0415079f605019\" aria-selected=\"false\" tabindex=\"-1\" id=\"mobile-fusion-tab-facilit\u00e0dimanutenzioneesostituzione\" href=\"#tab-1070d0415079f605019\"><h3 class=\"fusion-tab-heading\">Facilit\u00e0 di manutenzione e sostituzione<\/h3><\/a><\/li><\/ul><\/div><div class=\"tab-pane fade fusion-clearfix\" role=\"tabpanel\" tabindex=\"0\" aria-labelledby=\"fusion-tab-facilit\u00e0dimanutenzioneesostituzione\" id=\"tab-1070d0415079f605019\">\n<p>Il nostro sistema \u00e8 progettato per semplificare la vita degli installatori e degli utenti finali. Le leve universali (sia fisse che telescopiche) permettono una rapida sostituzione, e non devi preoccuparti di acquistare componenti diversi. Il sistema rimane sempre lo stesso, adattandosi facilmente a diverse esigenze.<\/p>\n<\/div><\/div><\/div><div class=\"fusion-separator fusion-full-width-sep\" style=\"align-self: center;margin-left: auto;margin-right: auto;width:100%;\"><div class=\"fusion-separator-border sep-double\" style=\"--awb-height:20px;--awb-amount:20px;border-color:var(--awb-color2);border-top-width:1px;border-bottom-width:1px;\"><\/div><\/div><div class=\"fusion-title title fusion-title-4 fusion-title-text fusion-title-size-two\" style=\"--awb-text-color:#ff6a00;--awb-margin-top:5%;\"><div class=\"title-sep-container title-sep-container-left fusion-no-large-visibility fusion-no-medium-visibility fusion-no-small-visibility\"><div class=\"title-sep sep- sep-solid\" style=\"border-color:var(--awb-color3);\"><\/div><\/div><span class=\"awb-title-spacer fusion-no-large-visibility fusion-no-medium-visibility fusion-no-small-visibility\"><\/span><h2 class=\"fusion-title-heading title-heading-left fusion-responsive-typography-calculated\" style=\"margin:0;text-transform:none;--fontSize:42;line-height:var(--awb-typography1-line-height);\"><strong>Perch\u00e9 scegliere USHADE?<\/strong><\/h2><span class=\"awb-title-spacer\"><\/span><div class=\"title-sep-container title-sep-container-right\"><div class=\"title-sep sep- sep-solid\" style=\"border-color:var(--awb-color3);\"><\/div><\/div><\/div><div class=\"fusion-builder-row fusion-builder-row-inner fusion-row fusion-flex-align-items-flex-start fusion-flex-content-wrap\" style=\"width:104% !important;max-width:104% !important;margin-left: calc(-4% \/ 2 );margin-right: calc(-4% \/ 2 );\"><div class=\"fusion-layout-column fusion_builder_column_inner fusion-builder-nested-column-2 fusion_builder_column_inner_1_2 1_2 fusion-flex-column\" style=\"--awb-bg-size:cover;--awb-width-large:50%;--awb-margin-top-large:0px;--awb-spacing-right-large:3.84%;--awb-margin-bottom-large:20px;--awb-spacing-left-large:3.84%;--awb-width-medium:100%;--awb-order-medium:0;--awb-spacing-right-medium:1.92%;--awb-spacing-left-medium:1.92%;--awb-width-small:100%;--awb-order-small:0;--awb-spacing-right-small:1.92%;--awb-spacing-left-small:1.92%;\"><div class=\"fusion-column-wrapper fusion-column-has-shadow fusion-flex-justify-content-flex-start fusion-content-layout-column\"><div class=\"fusion-image-element \" style=\"--awb-caption-title-font-family:var(--h2_typography-font-family);--awb-caption-title-font-weight:var(--h2_typography-font-weight);--awb-caption-title-font-style:var(--h2_typography-font-style);--awb-caption-title-size:var(--h2_typography-font-size);--awb-caption-title-transform:var(--h2_typography-text-transform);--awb-caption-title-line-height:var(--h2_typography-line-height);--awb-caption-title-letter-spacing:var(--h2_typography-letter-spacing);\"><span class=\" fusion-imageframe imageframe-none imageframe-2 hover-type-none\"><img decoding=\"async\" width=\"940\" height=\"788\" title=\"apripersiana Ushade 2\" src=\"https:\/\/ushade.it\/wp-content\/uploads\/2025\/04\/apripersiana-Ushade-2.jpg\" data-orig-src=\"https:\/\/ushade.it\/wp-content\/uploads\/2025\/04\/apripersiana-Ushade-2.jpg\" alt class=\"lazyload img-responsive wp-image-5825\" srcset=\"data:image\/svg+xml,%3Csvg%20xmlns%3D%27http%3A%2F%2Fwww.w3.org%2F2000%2Fsvg%27%20width%3D%27940%27%20height%3D%27788%27%20viewBox%3D%270%200%20940%20788%27%3E%3Crect%20width%3D%27940%27%20height%3D%27788%27%20fill-opacity%3D%220%22%2F%3E%3C%2Fsvg%3E\" data-srcset=\"https:\/\/ushade.it\/wp-content\/uploads\/2025\/04\/apripersiana-Ushade-2-200x168.jpg 200w, https:\/\/ushade.it\/wp-content\/uploads\/2025\/04\/apripersiana-Ushade-2-400x335.jpg 400w, https:\/\/ushade.it\/wp-content\/uploads\/2025\/04\/apripersiana-Ushade-2-600x503.jpg 600w, https:\/\/ushade.it\/wp-content\/uploads\/2025\/04\/apripersiana-Ushade-2-800x671.jpg 800w, https:\/\/ushade.it\/wp-content\/uploads\/2025\/04\/apripersiana-Ushade-2.jpg 940w\" data-sizes=\"auto\" data-orig-sizes=\"(max-width: 1024px) 100vw, (max-width: 489px) 100vw, 600px\" \/><\/span><\/div><\/div><\/div><div class=\"fusion-layout-column fusion_builder_column_inner fusion-builder-nested-column-3 fusion_builder_column_inner_1_2 1_2 fusion-flex-column\" style=\"--awb-bg-size:cover;--awb-width-large:50%;--awb-margin-top-large:0px;--awb-spacing-right-large:3.84%;--awb-margin-bottom-large:20px;--awb-spacing-left-large:3.84%;--awb-width-medium:100%;--awb-order-medium:0;--awb-spacing-right-medium:1.92%;--awb-spacing-left-medium:1.92%;--awb-width-small:100%;--awb-order-small:0;--awb-spacing-right-small:1.92%;--awb-spacing-left-small:1.92%;\"><div class=\"fusion-column-wrapper fusion-column-has-shadow fusion-flex-justify-content-flex-start fusion-content-layout-column\"><ul style=\"--awb-line-height:23.8px;--awb-icon-width:23.8px;--awb-icon-height:23.8px;--awb-icon-margin:9.8px;--awb-content-margin:33.6px;--awb-circlecolor:var(--awb-color4);--awb-circle-yes-font-size:12.32px;\" class=\"fusion-checklist fusion-checklist-2 fusion-checklist-default type-icons\"><li class=\"fusion-li-item\" style=\"\"><span class=\"icon-wrapper circle-yes\"><i class=\"fusion-li-icon awb-icon-check\" aria-hidden=\"true\"><\/i><\/span><div class=\"fusion-li-item-content\"><strong>Tecnologia avanzata:<\/strong> ogni elemento del nostro sistema \u00e8 pensato per resistere a sollecitazioni forti e per durare nel tempo, garantendo il massimo della praticit\u00e0.<\/div><\/li><li class=\"fusion-li-item\" style=\"\"><span class=\"icon-wrapper circle-yes\"><i class=\"fusion-li-icon awb-icon-check\" aria-hidden=\"true\"><\/i><\/span><div class=\"fusion-li-item-content\">\n<p><strong>Facile installazione:<\/strong> il sistema \u00e8 progettato per essere installato rapidamente, senza complicazioni.<\/p>\n<\/div><\/li><li class=\"fusion-li-item\" style=\"\"><span class=\"icon-wrapper circle-yes\"><i class=\"fusion-li-icon awb-icon-check\" aria-hidden=\"true\"><\/i><\/span><div class=\"fusion-li-item-content\">\n<p><strong>Sicurezza garantita:<\/strong> il sistema di doppia frizione, insieme alla guida stabile e robusta, protegge la persiana da danni causati da urti o malfunzionamenti.<\/p>\n<\/div><\/li><li class=\"fusion-li-item\" style=\"\"><span class=\"icon-wrapper circle-yes\"><i class=\"fusion-li-icon awb-icon-check\" aria-hidden=\"true\"><\/i><\/span><div class=\"fusion-li-item-content\">\n<p><strong>Adattabilit\u00e0:<\/strong> che tu sia un serramentista, un architetto o un proprietario di casa, il nostro sistema si adatta perfettamente a qualsiasi esigenza.<\/p>\n<\/div><\/li><\/ul><\/div><\/div><\/div><div class=\"fusion-title title fusion-title-5 fusion-title-center fusion-title-text fusion-title-size-two\" style=\"--awb-text-color:#f24c00;--awb-margin-top:2%;\"><div class=\"title-sep-container title-sep-container-left\"><div class=\"title-sep sep- sep-solid\" style=\"border-color:var(--awb-color3);\"><\/div><\/div><span class=\"awb-title-spacer\"><\/span><h2 class=\"fusion-title-heading title-heading-center fusion-responsive-typography-calculated\" style=\"margin:0;text-transform:none;--fontSize:42;line-height:var(--awb-typography1-line-height);\">Non lasciarti sfuggire questa opportunit\u00e0 di migliorare la tua esperienza con le persiane.<\/h2><span class=\"awb-title-spacer\"><\/span><div class=\"title-sep-container title-sep-container-right\"><div class=\"title-sep sep- sep-solid\" style=\"border-color:var(--awb-color3);\"><\/div><\/div><\/div><div class=\"fusion-text fusion-text-4\"><p>Ogni dettaglio di USHADE \u00e8 pensato per risolvere i problemi che tu e i tuoi clienti affrontate quotidianamente. Vuoi sapere di pi\u00f9 su come questo sistema pu\u00f2 cambiare il tuo modo di gestire le persiane? Scopri subito i vantaggi esclusivi di USHADE.<\/p>\n<p>Compila il form in basso per ricevere maggiori informazioni e scoprire come USHADE pu\u00f2 essere la soluzione definitiva per le tue persiane. Non perdere l&#8217;occasione di fare un passo verso un sistema pi\u00f9 sicuro e affidabile per la tua casa o il tuo progetto.<\/p>\n<\/div><div class=\"fusion-text fusion-text-5\"><\/div><a class=\"fusion-modal-text-link\" data-toggle=\"modal\" data-target=\".fusion-modal.Form contatti\" href=\"#\"><script src=\"https:\/\/js.hsforms.net\/forms\/embed\/49335909.js\" defer><\/script><\/p>\n<div class=\"hs-form-frame\" data-region=\"na1\" data-form-id=\"a7a5ea6f-0cec-4555-9f73-26c539f913cf\" data-portal-id=\"49335909\"><\/div>\n<\/a><\/div><\/div><\/div><\/div><div class=\"fusion-fullwidth fullwidth-box fusion-builder-row-2 fusion-flex-container has-pattern-background has-mask-background nonhundred-percent-fullwidth non-hundred-percent-height-scrolling\" style=\"--awb-border-radius-top-left:0px;--awb-border-radius-top-right:0px;--awb-border-radius-bottom-right:0px;--awb-border-radius-bottom-left:0px;--awb-flex-wrap:wrap;\" ><div class=\"fusion-builder-row fusion-row fusion-flex-align-items-flex-start fusion-flex-content-wrap\" style=\"max-width:1216.8px;margin-left: calc(-4% \/ 2 );margin-right: calc(-4% \/ 2 );\"><div class=\"fusion-layout-column fusion_builder_column fusion-builder-column-1 fusion_builder_column_1_1 1_1 fusion-flex-column\" style=\"--awb-bg-size:cover;--awb-width-large:100%;--awb-margin-top-large:0px;--awb-spacing-right-large:1.92%;--awb-margin-bottom-large:20px;--awb-spacing-left-large:1.92%;--awb-width-medium:100%;--awb-order-medium:0;--awb-spacing-right-medium:1.92%;--awb-spacing-left-medium:1.92%;--awb-width-small:100%;--awb-order-small:0;--awb-spacing-right-small:1.92%;--awb-spacing-left-small:1.92%;\"><div class=\"fusion-column-wrapper fusion-column-has-shadow fusion-flex-justify-content-flex-start fusion-content-layout-column\"><div class=\"fusion-text fusion-text-6\"><p><em><strong>P.S.: <\/strong>ricorda, con USHADE, avrai un sistema che resiste al tempo e alle condizioni pi\u00f9 difficili. Con la nostra frizione meccanica, le leve universali e la guida robusta, ogni installazione sar\u00e0 facile e sicura. Non aspettare oltre, il tuo prossimo progetto merita il meglio.<\/em><\/p>\n<p>&nbsp;<\/p>\n<\/div><\/div><\/div><\/div><\/div><\/p>\n","protected":false},"excerpt":{"rendered":"","protected":false},"author":1,"featured_media":0,"parent":0,"menu_order":0,"comment_status":"closed","ping_status":"closed","template":"","meta":{"content-type":"","footnotes":""},"class_list":["post-5820","page","type-page","status-publish","hentry"],"_links":{"self":[{"href":"https:\/\/ushade.it\/index.php\/wp-json\/wp\/v2\/pages\/5820","targetHints":{"allow":["GET"]}}],"collection":[{"href":"https:\/\/ushade.it\/index.php\/wp-json\/wp\/v2\/pages"}],"about":[{"href":"https:\/\/ushade.it\/index.php\/wp-json\/wp\/v2\/types\/page"}],"author":[{"embeddable":true,"href":"https:\/\/ushade.it\/index.php\/wp-json\/wp\/v2\/users\/1"}],"replies":[{"embeddable":true,"href":"https:\/\/ushade.it\/index.php\/wp-json\/wp\/v2\/comments?post=5820"}],"version-history":[{"count":9,"href":"https:\/\/ushade.it\/index.php\/wp-json\/wp\/v2\/pages\/5820\/revisions"}],"predecessor-version":[{"id":5831,"href":"https:\/\/ushade.it\/index.php\/wp-json\/wp\/v2\/pages\/5820\/revisions\/5831"}],"wp:attachment":[{"href":"https:\/\/ushade.it\/index.php\/wp-json\/wp\/v2\/media?parent=5820"}],"curies":[{"name":"wp","href":"https:\/\/api.w.org\/{rel}","templated":true}]}}